{"id":4660,"date":"2026-01-20T11:10:43","date_gmt":"2026-01-20T11:10:43","guid":{"rendered":"https:\/\/www.sp25krakow.pl\/strona\/?page_id=4660"},"modified":"2026-01-20T11:18:14","modified_gmt":"2026-01-20T11:18:14","slug":"2026-2027","status":"publish","type":"page","link":"https:\/\/www.sp25krakow.pl\/strona\/?page_id=4660","title":{"rendered":"2026\/2027"},"content":{"rendered":"\n<pre class=\"wp-block-preformatted\"><span style=\"color: #ffb606;font-size: 125%; font-family: 'Lato', sans-serif;\"><strong>Stycze\u0144<\/strong><\/span><\/pre>\n\n\n\n<figure class=\"wp-block-gallery has-nested-images columns-default is-cropped wp-block-gallery-1 is-layout-flex wp-block-gallery-is-layout-flex\">\n<figure class=\"wp-block-image size-large\"><img loading=\"lazy\" decoding=\"async\" width=\"768\" height=\"1024\" data-id=\"4668\" src=\"https:\/\/www.sp25krakow.pl\/strona\/wp-content\/uploads\/galeria\/laboratorium_przyszlosci\/2026_2027\/01\/WhatsApp-Image-2026-01-12-at-10.37.49-768x1024.jpeg\" alt=\"Laboratoria Przysz\u0142o\u015bci #LaboratoriaPrzysz\u0142o\u015bci #LaboratoriaPrzyszlosci\" class=\"wp-image-4668\" srcset=\"https:\/\/www.sp25krakow.pl\/strona\/wp-content\/uploads\/galeria\/laboratorium_przyszlosci\/2026_2027\/01\/WhatsApp-Image-2026-01-12-at-10.37.49-768x1024.jpeg 768w, https:\/\/www.sp25krakow.pl\/strona\/wp-content\/uploads\/galeria\/laboratorium_przyszlosci\/2026_2027\/01\/WhatsApp-Image-2026-01-12-at-10.37.49-225x300.jpeg 225w, https:\/\/www.sp25krakow.pl\/strona\/wp-content\/uploads\/galeria\/laboratorium_przyszlosci\/2026_2027\/01\/WhatsApp-Image-2026-01-12-at-10.37.49-1152x1536.jpeg 1152w, https:\/\/www.sp25krakow.pl\/strona\/wp-content\/uploads\/galeria\/laboratorium_przyszlosci\/2026_2027\/01\/WhatsApp-Image-2026-01-12-at-10.37.49.jpeg 1200w\" sizes=\"auto, (max-width: 768px) 100vw, 768px\" \/><\/figure>\n\n\n\n<figure class=\"wp-block-image size-large\"><img loading=\"lazy\" decoding=\"async\" width=\"1024\" height=\"768\" data-id=\"4667\" src=\"https:\/\/www.sp25krakow.pl\/strona\/wp-content\/uploads\/galeria\/laboratorium_przyszlosci\/2026_2027\/01\/WhatsApp-Image-2026-01-12-at-10.42.49-1024x768.jpeg\" alt=\"Laboratoria Przysz\u0142o\u015bci #LaboratoriaPrzysz\u0142o\u015bci #LaboratoriaPrzyszlosci\" class=\"wp-image-4667\" srcset=\"https:\/\/www.sp25krakow.pl\/strona\/wp-content\/uploads\/galeria\/laboratorium_przyszlosci\/2026_2027\/01\/WhatsApp-Image-2026-01-12-at-10.42.49-1024x768.jpeg 1024w, https:\/\/www.sp25krakow.pl\/strona\/wp-content\/uploads\/galeria\/laboratorium_przyszlosci\/2026_2027\/01\/WhatsApp-Image-2026-01-12-at-10.42.49-300x225.jpeg 300w, https:\/\/www.sp25krakow.pl\/strona\/wp-content\/uploads\/galeria\/laboratorium_przyszlosci\/2026_2027\/01\/WhatsApp-Image-2026-01-12-at-10.42.49-768x576.jpeg 768w, https:\/\/www.sp25krakow.pl\/strona\/wp-content\/uploads\/galeria\/laboratorium_przyszlosci\/2026_2027\/01\/WhatsApp-Image-2026-01-12-at-10.42.49-1536x1152.jpeg 1536w, https:\/\/www.sp25krakow.pl\/strona\/wp-content\/uploads\/galeria\/laboratorium_przyszlosci\/2026_2027\/01\/WhatsApp-Image-2026-01-12-at-10.42.49.jpeg 1600w\" sizes=\"auto, (max-width: 1024px) 100vw, 1024px\" \/><\/figure>\n<\/figure>\n\n\n\n<p>Uczniowie podczas uroczysto\u015bci szkolnych \u2013 tutaj Jase\u0142ka w domu kultury \u2013 wykorzystuj\u0105 aparat cyfrowy, mikrofon i statyw. Sprz\u0119ty te zosta\u0142y zakupione w ramach projektu <a href=\"https:\/\/www.gov.pl\/web\/laboratoria\" target=\"_blank\" rel=\"noreferrer noopener\">Laboratoria Przysz\u0142o\u015bci<\/a> #LaboratoriaPrzysz\u0142o\u015bci #LaboratoriaPrzyszlosci<\/p>\n\n\n\n<p><\/p>\n","protected":false},"excerpt":{"rendered":"<p>Stycze\u0144 Uczniowie podczas uroczysto\u015bci szkolnych \u2013 tutaj Jase\u0142ka w domu kultury \u2013 wykorzystuj\u0105 aparat cyfrowy, mikrofon i statyw. Sprz\u0119ty te zosta\u0142y zakupione w ramach projektu Laboratoria Przysz\u0142o\u015bci #LaboratoriaPrzysz\u0142o\u015bci #LaboratoriaPrzyszlosci<\/p>\n","protected":false},"author":1,"featured_media":0,"parent":0,"menu_order":0,"comment_status":"closed","ping_status":"closed","template":"","meta":{"footnotes":""},"categories":[1],"tags":[],"class_list":["post-4660","page","type-page","status-publish","hentry","category-uczniowie"],"_links":{"self":[{"href":"https:\/\/www.sp25krakow.pl\/strona\/index.php?rest_route=\/wp\/v2\/pages\/4660","targetHints":{"allow":["GET"]}}],"collection":[{"href":"https:\/\/www.sp25krakow.pl\/strona\/index.php?rest_route=\/wp\/v2\/pages"}],"about":[{"href":"https:\/\/www.sp25krakow.pl\/strona\/index.php?rest_route=\/wp\/v2\/types\/page"}],"author":[{"embeddable":true,"href":"https:\/\/www.sp25krakow.pl\/strona\/index.php?rest_route=\/wp\/v2\/users\/1"}],"replies":[{"embeddable":true,"href":"https:\/\/www.sp25krakow.pl\/strona\/index.php?rest_route=%2Fwp%2Fv2%2Fcomments&post=4660"}],"version-history":[{"count":3,"href":"https:\/\/www.sp25krakow.pl\/strona\/index.php?rest_route=\/wp\/v2\/pages\/4660\/revisions"}],"predecessor-version":[{"id":4670,"href":"https:\/\/www.sp25krakow.pl\/strona\/index.php?rest_route=\/wp\/v2\/pages\/4660\/revisions\/4670"}],"wp:attachment":[{"href":"https:\/\/www.sp25krakow.pl\/strona\/index.php?rest_route=%2Fwp%2Fv2%2Fmedia&parent=4660"}],"wp:term":[{"taxonomy":"category","embeddable":true,"href":"https:\/\/www.sp25krakow.pl\/strona\/index.php?rest_route=%2Fwp%2Fv2%2Fcategories&post=4660"},{"taxonomy":"post_tag","embeddable":true,"href":"https:\/\/www.sp25krakow.pl\/strona\/index.php?rest_route=%2Fwp%2Fv2%2Ftags&post=4660"}],"curies":[{"name":"wp","href":"https:\/\/api.w.org\/{rel}","templated":true}]}}